{"id":2090,"date":"2020-05-01T10:55:01","date_gmt":"2020-05-01T10:55:01","guid":{"rendered":"http:\/\/rstheme.com\/products\/wordpress\/reobiz\/?page_id=2090"},"modified":"2024-02-08T22:01:19","modified_gmt":"2024-02-08T22:01:19","slug":"asesor-fiscal-punta-cana","status":"publish","type":"page","link":"https:\/\/gadaxrd.com\/en\/asesor-fiscal-punta-cana\/","title":{"rendered":"Fiscal and Accounting Advisor in Punta Cana. Contact us."},"content":{"rendered":"<div data-elementor-type=\"wp-page\" data-elementor-id=\"2090\" class=\"elementor elementor-2090\" data-elementor-post-type=\"page\">\n\t\t\t\t\t\t<section class=\"elementor-section elementor-top-section elementor-element elementor-element-81111d0 elementor-section-boxed elementor-section-height-default elementor-section-height-default\" data-id=\"81111d0\" data-element_type=\"section\" data-e-type=\"section\">\n\t\t\t\t\t\t<div class=\"elementor-container elementor-column-gap-default\">\n\t\t\t\t\t<div class=\"elementor-column elementor-col-100 elementor-top-column elementor-element elementor-element-cdeef51\" data-id=\"cdeef51\" data-element_type=\"column\" data-e-type=\"column\">\n\t\t\t<div class=\"elementor-widget-wrap elementor-element-populated\">\n\t\t\t\t\t\t<div class=\"elementor-element elementor-element-c6a0ab7 elementor-widget__width-initial elementor-widget elementor-widget-heading\" data-id=\"c6a0ab7\" data-element_type=\"widget\" data-e-type=\"widget\" data-widget_type=\"heading.default\">\n\t\t\t\t<div class=\"elementor-widget-container\">\n\t\t\t\t\t<h2 class=\"elementor-heading-title elementor-size-default\">Fiscal and Accounting Advisory in Punta Cana: Contact us for Guidance.<\/h2>\t\t\t\t<\/div>\n\t\t\t\t<\/div>\n\t\t\t\t<div class=\"elementor-element elementor-element-6ea2dc2 elementor-widget elementor-widget-text-editor\" data-id=\"6ea2dc2\" data-element_type=\"widget\" data-e-type=\"widget\" data-widget_type=\"text-editor.default\">\n\t\t\t\t<div class=\"elementor-widget-container\">\n\t\t\t\t\t\t\t\t\t<p>At GADAX, we are strategically located on Av. Barcel\u00f3 in Punta Cana, Dominican Republic, and we are ready to be your advisor for all your accounting, financial, and business needs. Whether you are in Punta Cana or anywhere in the Dominican Republic, we offer the possibility of virtual consultations.<\/p><p>If you have questions, want a consultation, or simply want to explore how our services can boost your business, feel free to get in touch with us. Our team of experts is here to provide you with the guidance and support you need to achieve your financial and business goals. We look forward to being part of your success!<\/p>\t\t\t\t\t\t\t\t<\/div>\n\t\t\t\t<\/div>\n\t\t\t\t\t<\/div>\n\t\t<\/div>\n\t\t\t\t\t<\/div>\n\t\t<\/section>\n\t\t\t\t<section class=\"elementor-section elementor-top-section elementor-element elementor-element-61979b9 elementor-section-full_width elementor-section-height-default elementor-section-height-default\" data-id=\"61979b9\" data-element_type=\"section\" data-e-type=\"section\">\n\t\t\t\t\t\t<div class=\"elementor-container elementor-column-gap-no\">\n\t\t\t\t\t<div class=\"elementor-column elementor-col-33 elementor-top-column elementor-element elementor-element-a252a5a\" data-id=\"a252a5a\" data-element_type=\"column\" data-e-type=\"column\" data-settings=\"{&quot;background_background&quot;:&quot;classic&quot;}\">\n\t\t\t<div class=\"elementor-widget-wrap elementor-element-populated\">\n\t\t\t\t\t\t<div class=\"elementor-element elementor-element-7cf8efb elementor-widget elementor-widget-rs-contact-box\" data-id=\"7cf8efb\" data-element_type=\"widget\" data-e-type=\"widget\" data-widget_type=\"rs-contact-box.default\">\n\t\t\t\t<div class=\"elementor-widget-container\">\n\t\t\t\t\t\t\t\r\n\r\n\t\t<!-- Style 1 Start -->\r\n\t\t<div class=\"rs-contact-box\">\r\n\r\n\t\t\t\t\t\t<div class=\"address-item vertical boxstyle1\">\r\n\r\n\t\t\t\t\t\t\t            <div class=\"address-icon\">\r\n\t\t            \t\t\t            \t\t<i class=\"fa fa-phone\"><\/i>\r\n\t\t            \t\t\t            <\/div>\r\n\t\t            \r\n\t\t            <div class=\"address-text\">\r\n\t\t            \t\t\t            \t<div class=\"text\">\r\n\t\t            \t\t\t\t            \t\t <span class=\"label\">Contact Phone<\/span>\r\n\t\t            \t\t\t\t            \t\t\t\t            \t\t<span class=\"des\">\r\n\t\t\t\t                +1 (809)509-1607\t\t\t\t            <\/span>\r\n\t\t\t\t            \t\t\t            <\/div>\r\n\t\t\t       \t\t\r\n\r\n\t\t            \t\r\n\r\n\t\t            \t\t\t            <\/div>\r\n\t\t        <\/div>\r\n\t\t\t\t\t<\/div>\r\n\r\n\t<!-- Style 1 End -->\t\r\n\t\t\r\n\t\t\t\t\t<\/div>\n\t\t\t\t<\/div>\n\t\t\t\t\t<\/div>\n\t\t<\/div>\n\t\t\t\t<div class=\"elementor-column elementor-col-33 elementor-top-column elementor-element elementor-element-6f9839d\" data-id=\"6f9839d\" data-element_type=\"column\" data-e-type=\"column\" data-settings=\"{&quot;background_background&quot;:&quot;classic&quot;}\">\n\t\t\t<div class=\"elementor-widget-wrap elementor-element-populated\">\n\t\t\t\t\t\t<div class=\"elementor-element elementor-element-03a156b elementor-widget elementor-widget-rs-contact-box\" data-id=\"03a156b\" data-element_type=\"widget\" data-e-type=\"widget\" data-widget_type=\"rs-contact-box.default\">\n\t\t\t\t<div class=\"elementor-widget-container\">\n\t\t\t\t\t\t\t\r\n\r\n\t\t<!-- Style 1 Start -->\r\n\t\t<div class=\"rs-contact-box\">\r\n\r\n\t\t\t\t\t\t<div class=\"address-item vertical boxstyle1\">\r\n\r\n\t\t\t\t\t\t\t            <div class=\"address-icon\">\r\n\t\t            \t\t\t            \t\t<i class=\"fa fa-envelope-o\"><\/i>\r\n\t\t            \t\t\t            <\/div>\r\n\t\t            \r\n\t\t            <div class=\"address-text\">\r\n\t\t            \t\t\t            \t<div class=\"text\">\r\n\t\t            \t\t\t\t            \t\t <span class=\"label\">E-mail <\/span>\r\n\t\t            \t\t\t\t            \t\t\t\t            \t\t<span class=\"des\">\r\n\t\t\t\t                ofic@gadaxrd.com\t\t\t\t            <\/span>\r\n\t\t\t\t            \t\t\t            <\/div>\r\n\t\t\t       \t\t\r\n\r\n\t\t            \t\r\n\r\n\t\t            \t\t\t            <\/div>\r\n\t\t        <\/div>\r\n\t\t\t\t\t<\/div>\r\n\r\n\t<!-- Style 1 End -->\t\r\n\t\t\r\n\t\t\t\t\t<\/div>\n\t\t\t\t<\/div>\n\t\t\t\t\t<\/div>\n\t\t<\/div>\n\t\t\t\t<div class=\"elementor-column elementor-col-33 elementor-top-column elementor-element elementor-element-6f08c6a\" data-id=\"6f08c6a\" data-element_type=\"column\" data-e-type=\"column\" data-settings=\"{&quot;background_background&quot;:&quot;classic&quot;}\">\n\t\t\t<div class=\"elementor-widget-wrap elementor-element-populated\">\n\t\t\t\t\t\t<div class=\"elementor-element elementor-element-b9336f9 elementor-widget elementor-widget-rs-contact-box\" data-id=\"b9336f9\" data-element_type=\"widget\" data-e-type=\"widget\" data-widget_type=\"rs-contact-box.default\">\n\t\t\t\t<div class=\"elementor-widget-container\">\n\t\t\t\t\t\t\t\r\n\r\n\t\t<!-- Style 1 Start -->\r\n\t\t<div class=\"rs-contact-box\">\r\n\r\n\t\t\t\t\t\t<div class=\"address-item vertical boxstyle1\">\r\n\r\n\t\t\t\t\t\t\t            <div class=\"address-icon\">\r\n\t\t            \t\t\t            \t\t<i class=\"fa fa-map-o\"><\/i>\r\n\t\t            \t\t\t            <\/div>\r\n\t\t            \r\n\t\t            <div class=\"address-text\">\r\n\t\t            \t\t\t            \t<div class=\"text\">\r\n\t\t            \t\t\t\t            \t\t <span class=\"label\">Location <\/span>\r\n\t\t            \t\t\t\t            \t\t\t\t            \t\t<span class=\"des\">\r\n\t\t\t\t                Av. Barcel\u00f3, Plaza Arbat, B\u00e1varo - Punta Cana. \t\t\t\t            <\/span>\r\n\t\t\t\t            \t\t\t            <\/div>\r\n\t\t\t       \t\t\r\n\r\n\t\t            \t\r\n\r\n\t\t            \t\t\t            <\/div>\r\n\t\t        <\/div>\r\n\t\t\t\t\t<\/div>\r\n\r\n\t<!-- Style 1 End -->\t\r\n\t\t\r\n\t\t\t\t\t<\/div>\n\t\t\t\t<\/div>\n\t\t\t\t\t<\/div>\n\t\t<\/div>\n\t\t\t\t\t<\/div>\n\t\t<\/section>\n\t\t\t\t<section class=\"elementor-section elementor-top-section elementor-element elementor-element-863b80b elementor-section-content-top elementor-section-full_width elementor-section-height-default elementor-section-height-default\" data-id=\"863b80b\" data-element_type=\"section\" data-e-type=\"section\" data-settings=\"{&quot;background_background&quot;:&quot;classic&quot;}\">\n\t\t\t\t\t\t<div class=\"elementor-container elementor-column-gap-default\">\n\t\t\t\t\t<div class=\"elementor-column elementor-col-50 elementor-top-column elementor-element elementor-element-0e55c31\" data-id=\"0e55c31\" data-element_type=\"column\" data-e-type=\"column\" data-settings=\"{&quot;background_background&quot;:&quot;classic&quot;}\">\n\t\t\t<div class=\"elementor-widget-wrap\">\n\t\t\t\t\t\t\t<\/div>\n\t\t<\/div>\n\t\t\t\t<div class=\"elementor-column elementor-col-50 elementor-top-column elementor-element elementor-element-e81e969\" data-id=\"e81e969\" data-element_type=\"column\" data-e-type=\"column\" data-settings=\"{&quot;background_background&quot;:&quot;classic&quot;}\">\n\t\t\t<div class=\"elementor-widget-wrap elementor-element-populated\">\n\t\t\t\t\t<div class=\"elementor-background-overlay\"><\/div>\n\t\t\t\t\t\t<section class=\"elementor-section elementor-inner-section elementor-element elementor-element-2db2a81 elementor-section-boxed elementor-section-height-default elementor-section-height-default\" data-id=\"2db2a81\" data-element_type=\"section\" data-e-type=\"section\">\n\t\t\t\t\t\t<div class=\"elementor-container elementor-column-gap-default\">\n\t\t\t\t\t<div class=\"elementor-column elementor-col-100 elementor-inner-column elementor-element elementor-element-c43ba20\" data-id=\"c43ba20\" data-element_type=\"column\" data-e-type=\"column\">\n\t\t\t<div class=\"elementor-widget-wrap elementor-element-populated\">\n\t\t\t\t\t\t<div class=\"elementor-element elementor-element-243a5a1 elementor-widget elementor-widget-rs-heading\" data-id=\"243a5a1\" data-element_type=\"widget\" data-e-type=\"widget\" data-widget_type=\"rs-heading.default\">\n\t\t\t\t<div class=\"elementor-widget-container\">\n\t\t\t\t\t        <div class=\"rs-heading style4\">\r\n        \t<div class=\"title-inner\">\r\n        \t\t      \t\t\r\n\t            <span class=\"sub-text\">GET IN TOUCH<\/span>\t        <\/div>\r\n\t                <\/div>\r\n\r\n        \t\t\t\t<\/div>\n\t\t\t\t<\/div>\n\t\t\t\t\t<\/div>\n\t\t<\/div>\n\t\t\t\t\t<\/div>\n\t\t<\/section>\n\t\t\t\t<div class=\"elementor-element elementor-element-0d03dd0 elementor-widget__width-initial elementor-widget elementor-widget-rs-button\" data-id=\"0d03dd0\" data-element_type=\"widget\" data-e-type=\"widget\" data-widget_type=\"rs-button.default\">\n\t\t\t\t<div class=\"elementor-widget-container\">\n\t\t\t\t\t\t\r\n\t\t\r\n\t\t<div class=\"rs-btn\">\r\n\t\t\t\t\t\t<a class=\"readon rs_button\" href=\"https:\/\/bit.ly\/GadaxPC\" >\t\t\t\t\r\n\t\t\t\t<span class=\"btn_text\">Solicita tu asesor\u00eda sin costo<\/span>\r\n\t\t\t\t\t\t\t<\/a>\r\n\t\t<\/div>    \r\n\t\t\t\t\t<\/div>\n\t\t\t\t<\/div>\n\t\t\t\t\t<\/div>\n\t\t<\/div>\n\t\t\t\t\t<\/div>\n\t\t<\/section>\n\t\t\t\t<section class=\"elementor-section elementor-top-section elementor-element elementor-element-ba03c81 elementor-section-boxed elementor-section-height-default elementor-section-height-default\" data-id=\"ba03c81\" data-element_type=\"section\" data-e-type=\"section\">\n\t\t\t\t\t\t<div class=\"elementor-container elementor-column-gap-default\">\n\t\t\t\t\t<div class=\"elementor-column elementor-col-100 elementor-top-column elementor-element elementor-element-a2bdc9a\" data-id=\"a2bdc9a\" data-element_type=\"column\" data-e-type=\"column\">\n\t\t\t<div class=\"elementor-widget-wrap elementor-element-populated\">\n\t\t\t\t\t\t<div class=\"elementor-element elementor-element-0fc09a6 elementor-widget elementor-widget-text-editor\" data-id=\"0fc09a6\" data-element_type=\"widget\" data-e-type=\"widget\" data-widget_type=\"text-editor.default\">\n\t\t\t\t<div class=\"elementor-widget-container\">\n\t\t\t\t\t\t\t\t\t<h3 style=\"text-align: center;\"><a href=\"https:\/\/gadaxrd.com\/en\/sobre-nosotros\/\">Want to know more about us?<\/a><\/h3>\t\t\t\t\t\t\t\t<\/div>\n\t\t\t\t<\/div>\n\t\t\t\t\t<\/div>\n\t\t<\/div>\n\t\t\t\t\t<\/div>\n\t\t<\/section>\n\t\t\t\t<section class=\"elementor-section elementor-top-section elementor-element elementor-element-c675f8e elementor-section-boxed elementor-section-height-default elementor-section-height-default\" data-id=\"c675f8e\" data-element_type=\"section\" data-e-type=\"section\">\n\t\t\t\t\t\t<div class=\"elementor-container elementor-column-gap-default\">\n\t\t\t\t\t<div class=\"elementor-column elementor-col-100 elementor-top-column elementor-element elementor-element-098fb0d\" data-id=\"098fb0d\" data-element_type=\"column\" data-e-type=\"column\">\n\t\t\t<div class=\"elementor-widget-wrap elementor-element-populated\">\n\t\t\t\t\t\t<div class=\"elementor-element elementor-element-0ae4b67 elementor-widget elementor-widget-image\" data-id=\"0ae4b67\" data-element_type=\"widget\" data-e-type=\"widget\" data-widget_type=\"image.default\">\n\t\t\t\t<div class=\"elementor-widget-container\">\n\t\t\t\t\t\t\t\t\t\t\t\t\t\t\t<img fetchpriority=\"high\" decoding=\"async\" width=\"1200\" height=\"1200\" src=\"https:\/\/gadaxrd.com\/wp-content\/uploads\/2023\/07\/Ubicacion-Gadax-Punta-cana-Servicios-Contables-1.jpg\" class=\"attachment-full size-full wp-image-14056\" alt=\"Ubicaci\u00f3n GADAX Punta Cana\" srcset=\"https:\/\/gadaxrd.com\/wp-content\/uploads\/2023\/07\/Ubicacion-Gadax-Punta-cana-Servicios-Contables-1.jpg 1200w, https:\/\/gadaxrd.com\/wp-content\/uploads\/2023\/07\/Ubicacion-Gadax-Punta-cana-Servicios-Contables-1-300x300.jpg 300w, https:\/\/gadaxrd.com\/wp-content\/uploads\/2023\/07\/Ubicacion-Gadax-Punta-cana-Servicios-Contables-1-1024x1024.jpg 1024w, https:\/\/gadaxrd.com\/wp-content\/uploads\/2023\/07\/Ubicacion-Gadax-Punta-cana-Servicios-Contables-1-150x150.jpg 150w, https:\/\/gadaxrd.com\/wp-content\/uploads\/2023\/07\/Ubicacion-Gadax-Punta-cana-Servicios-Contables-1-768x768.jpg 768w, https:\/\/gadaxrd.com\/wp-content\/uploads\/2023\/07\/Ubicacion-Gadax-Punta-cana-Servicios-Contables-1-500x500.jpg 500w, https:\/\/gadaxrd.com\/wp-content\/uploads\/2023\/07\/Ubicacion-Gadax-Punta-cana-Servicios-Contables-1-600x600.jpg 600w, https:\/\/gadaxrd.com\/wp-content\/uploads\/2023\/07\/Ubicacion-Gadax-Punta-cana-Servicios-Contables-1-100x100.jpg 100w\" sizes=\"(max-width: 1200px) 100vw, 1200px\" \/>\t\t\t\t\t\t\t\t\t\t\t\t\t\t\t<\/div>\n\t\t\t\t<\/div>\n\t\t\t\t\t<\/div>\n\t\t<\/div>\n\t\t\t\t\t<\/div>\n\t\t<\/section>\n\t\t\t\t<\/div>","protected":false},"excerpt":{"rendered":"<p>Asesor\u00eda Fiscal y Contable en Punta Cana: Cont\u00e1ctanos para Guiarte. En GADAX, estamos estrat\u00e9gicamente ubicados en Av. Barcel\u00f3 en Punta Cana, Rep\u00fablica Dominicana, y estamos listos para ser tu asesor en todas tus necesidades contables, financieras y empresariales. Ya sea que te encuentres en Punta Cana, o en cualquier parte Republica Dominicana, te ofrecemos la&#8230;<\/p>","protected":false},"author":1,"featured_media":0,"parent":0,"menu_order":0,"comment_status":"closed","ping_status":"closed","template":"","meta":{"footnotes":""},"class_list":["post-2090","page","type-page","status-publish","hentry"],"yoast_head":"<!-- This site is optimized with the Yoast SEO Premium plugin v20.5 (Yoast SEO v26.9) - https:\/\/yoast.com\/product\/yoast-seo-premium-wordpress\/ -->\n<title>Asesor Fiscal y Contable en Punta Cana Contacta con nosotros - Gadax<\/title>\n<meta name=\"description\" content=\"Contacto Gadax, Asesor Fiscal en Punta Cana. Nuestro equipo de Asesores Fiscales y Contadores te brindara la orientaci\u00f3n que necesitas.\" \/>\n<meta name=\"robots\" content=\"index, follow, max-snippet:-1, max-image-preview:large, max-video-preview:-1\" \/>\n<link rel=\"canonical\" href=\"https:\/\/gadaxrd.com\/en\/asesor-fiscal-punta-cana\/\" \/>\n<meta property=\"og:locale\" content=\"en_US\" \/>\n<meta property=\"og:type\" content=\"article\" \/>\n<meta property=\"og:title\" content=\"Asesor Fiscal y Contable en Punta Cana Contacta con nosotros\" \/>\n<meta property=\"og:description\" content=\"Contacto Gadax, Asesor Fiscal en Punta Cana. Nuestro equipo de Asesores Fiscales y Contadores te brindara la orientaci\u00f3n que necesitas.\" \/>\n<meta property=\"og:url\" content=\"https:\/\/gadaxrd.com\/en\/asesor-fiscal-punta-cana\/\" \/>\n<meta property=\"og:site_name\" content=\"Gadax\" \/>\n<meta property=\"article:publisher\" content=\"https:\/\/www.facebook.com\/profile.php?id=100089302779961\" \/>\n<meta property=\"article:modified_time\" content=\"2024-02-08T22:01:19+00:00\" \/>\n<meta property=\"og:image\" content=\"https:\/\/gadaxrd.com\/wp-content\/uploads\/2023\/07\/Ubicacion-Gadax-Punta-cana-Servicios-Contables-1.jpg\" \/>\n<meta name=\"twitter:card\" content=\"summary_large_image\" \/>\n<meta name=\"twitter:label1\" content=\"Est. reading time\" \/>\n\t<meta name=\"twitter:data1\" content=\"1 minute\" \/>\n<script type=\"application\/ld+json\" class=\"yoast-schema-graph\">{\"@context\":\"https:\/\/schema.org\",\"@graph\":[{\"@type\":\"WebPage\",\"@id\":\"https:\/\/gadaxrd.com\/asesor-fiscal-punta-cana\/\",\"url\":\"https:\/\/gadaxrd.com\/asesor-fiscal-punta-cana\/\",\"name\":\"Asesor Fiscal y Contable en Punta Cana Contacta con nosotros - Gadax\",\"isPartOf\":{\"@id\":\"https:\/\/gadaxrd.com\/#website\"},\"primaryImageOfPage\":{\"@id\":\"https:\/\/gadaxrd.com\/asesor-fiscal-punta-cana\/#primaryimage\"},\"image\":{\"@id\":\"https:\/\/gadaxrd.com\/asesor-fiscal-punta-cana\/#primaryimage\"},\"thumbnailUrl\":\"https:\/\/gadaxrd.com\/wp-content\/uploads\/2023\/07\/Ubicacion-Gadax-Punta-cana-Servicios-Contables-1.jpg\",\"datePublished\":\"2020-05-01T10:55:01+00:00\",\"dateModified\":\"2024-02-08T22:01:19+00:00\",\"description\":\"Contacto Gadax, Asesor Fiscal en Punta Cana. Nuestro equipo de Asesores Fiscales y Contadores te brindara la orientaci\u00f3n que necesitas.\",\"breadcrumb\":{\"@id\":\"https:\/\/gadaxrd.com\/asesor-fiscal-punta-cana\/#breadcrumb\"},\"inLanguage\":\"en-US\",\"potentialAction\":[{\"@type\":\"ReadAction\",\"target\":[\"https:\/\/gadaxrd.com\/asesor-fiscal-punta-cana\/\"]}]},{\"@type\":\"ImageObject\",\"inLanguage\":\"en-US\",\"@id\":\"https:\/\/gadaxrd.com\/asesor-fiscal-punta-cana\/#primaryimage\",\"url\":\"https:\/\/gadaxrd.com\/wp-content\/uploads\/2023\/07\/Ubicacion-Gadax-Punta-cana-Servicios-Contables-1.jpg\",\"contentUrl\":\"https:\/\/gadaxrd.com\/wp-content\/uploads\/2023\/07\/Ubicacion-Gadax-Punta-cana-Servicios-Contables-1.jpg\"},{\"@type\":\"BreadcrumbList\",\"@id\":\"https:\/\/gadaxrd.com\/asesor-fiscal-punta-cana\/#breadcrumb\",\"itemListElement\":[{\"@type\":\"ListItem\",\"position\":1,\"name\":\"Home\",\"item\":\"https:\/\/gadaxrd.com\/\"},{\"@type\":\"ListItem\",\"position\":2,\"name\":\"Asesor Fiscal y Contable en Punta Cana Contacta con nosotros\"}]},{\"@type\":\"WebSite\",\"@id\":\"https:\/\/gadaxrd.com\/#website\",\"url\":\"https:\/\/gadaxrd.com\/\",\"name\":\"Gadax\",\"description\":\"Encontraste la mejor compa\u00f1\u00eda para todos tus asuntos fiscales y contables\",\"publisher\":{\"@id\":\"https:\/\/gadaxrd.com\/#organization\"},\"potentialAction\":[{\"@type\":\"SearchAction\",\"target\":{\"@type\":\"EntryPoint\",\"urlTemplate\":\"https:\/\/gadaxrd.com\/?s={search_term_string}\"},\"query-input\":{\"@type\":\"PropertyValueSpecification\",\"valueRequired\":true,\"valueName\":\"search_term_string\"}}],\"inLanguage\":\"en-US\"},{\"@type\":\"Organization\",\"@id\":\"https:\/\/gadaxrd.com\/#organization\",\"name\":\"Gadax\",\"url\":\"https:\/\/gadaxrd.com\/\",\"logo\":{\"@type\":\"ImageObject\",\"inLanguage\":\"en-US\",\"@id\":\"https:\/\/gadaxrd.com\/#\/schema\/logo\/image\/\",\"url\":\"https:\/\/gadaxrd.com\/wp-content\/uploads\/2023\/06\/logo.png\",\"contentUrl\":\"https:\/\/gadaxrd.com\/wp-content\/uploads\/2023\/06\/logo.png\",\"width\":1065,\"height\":230,\"caption\":\"Gadax\"},\"image\":{\"@id\":\"https:\/\/gadaxrd.com\/#\/schema\/logo\/image\/\"},\"sameAs\":[\"https:\/\/www.facebook.com\/profile.php?id=100089302779961\"]}]}<\/script>\n<!-- \/ Yoast SEO Premium plugin. -->","yoast_head_json":{"title":"Asesor Fiscal y Contable en Punta Cana Contacta con nosotros - Gadax","description":"Contacto Gadax, Asesor Fiscal en Punta Cana. Nuestro equipo de Asesores Fiscales y Contadores te brindara la orientaci\u00f3n que necesitas.","robots":{"index":"index","follow":"follow","max-snippet":"max-snippet:-1","max-image-preview":"max-image-preview:large","max-video-preview":"max-video-preview:-1"},"canonical":"https:\/\/gadaxrd.com\/en\/asesor-fiscal-punta-cana\/","og_locale":"en_US","og_type":"article","og_title":"Asesor Fiscal y Contable en Punta Cana Contacta con nosotros","og_description":"Contacto Gadax, Asesor Fiscal en Punta Cana. Nuestro equipo de Asesores Fiscales y Contadores te brindara la orientaci\u00f3n que necesitas.","og_url":"https:\/\/gadaxrd.com\/en\/asesor-fiscal-punta-cana\/","og_site_name":"Gadax","article_publisher":"https:\/\/www.facebook.com\/profile.php?id=100089302779961","article_modified_time":"2024-02-08T22:01:19+00:00","og_image":[{"url":"https:\/\/gadaxrd.com\/wp-content\/uploads\/2023\/07\/Ubicacion-Gadax-Punta-cana-Servicios-Contables-1.jpg","type":"","width":"","height":""}],"twitter_card":"summary_large_image","twitter_misc":{"Est. reading time":"1 minute"},"schema":{"@context":"https:\/\/schema.org","@graph":[{"@type":"WebPage","@id":"https:\/\/gadaxrd.com\/asesor-fiscal-punta-cana\/","url":"https:\/\/gadaxrd.com\/asesor-fiscal-punta-cana\/","name":"Asesor Fiscal y Contable en Punta Cana Contacta con nosotros - Gadax","isPartOf":{"@id":"https:\/\/gadaxrd.com\/#website"},"primaryImageOfPage":{"@id":"https:\/\/gadaxrd.com\/asesor-fiscal-punta-cana\/#primaryimage"},"image":{"@id":"https:\/\/gadaxrd.com\/asesor-fiscal-punta-cana\/#primaryimage"},"thumbnailUrl":"https:\/\/gadaxrd.com\/wp-content\/uploads\/2023\/07\/Ubicacion-Gadax-Punta-cana-Servicios-Contables-1.jpg","datePublished":"2020-05-01T10:55:01+00:00","dateModified":"2024-02-08T22:01:19+00:00","description":"Contacto Gadax, Asesor Fiscal en Punta Cana. Nuestro equipo de Asesores Fiscales y Contadores te brindara la orientaci\u00f3n que necesitas.","breadcrumb":{"@id":"https:\/\/gadaxrd.com\/asesor-fiscal-punta-cana\/#breadcrumb"},"inLanguage":"en-US","potentialAction":[{"@type":"ReadAction","target":["https:\/\/gadaxrd.com\/asesor-fiscal-punta-cana\/"]}]},{"@type":"ImageObject","inLanguage":"en-US","@id":"https:\/\/gadaxrd.com\/asesor-fiscal-punta-cana\/#primaryimage","url":"https:\/\/gadaxrd.com\/wp-content\/uploads\/2023\/07\/Ubicacion-Gadax-Punta-cana-Servicios-Contables-1.jpg","contentUrl":"https:\/\/gadaxrd.com\/wp-content\/uploads\/2023\/07\/Ubicacion-Gadax-Punta-cana-Servicios-Contables-1.jpg"},{"@type":"BreadcrumbList","@id":"https:\/\/gadaxrd.com\/asesor-fiscal-punta-cana\/#breadcrumb","itemListElement":[{"@type":"ListItem","position":1,"name":"Home","item":"https:\/\/gadaxrd.com\/"},{"@type":"ListItem","position":2,"name":"Asesor Fiscal y Contable en Punta Cana Contacta con nosotros"}]},{"@type":"WebSite","@id":"https:\/\/gadaxrd.com\/#website","url":"https:\/\/gadaxrd.com\/","name":"Gadax","description":"Encontraste la mejor compa\u00f1\u00eda para todos tus asuntos fiscales y contables","publisher":{"@id":"https:\/\/gadaxrd.com\/#organization"},"potentialAction":[{"@type":"SearchAction","target":{"@type":"EntryPoint","urlTemplate":"https:\/\/gadaxrd.com\/?s={search_term_string}"},"query-input":{"@type":"PropertyValueSpecification","valueRequired":true,"valueName":"search_term_string"}}],"inLanguage":"en-US"},{"@type":"Organization","@id":"https:\/\/gadaxrd.com\/#organization","name":"Gadax","url":"https:\/\/gadaxrd.com\/","logo":{"@type":"ImageObject","inLanguage":"en-US","@id":"https:\/\/gadaxrd.com\/#\/schema\/logo\/image\/","url":"https:\/\/gadaxrd.com\/wp-content\/uploads\/2023\/06\/logo.png","contentUrl":"https:\/\/gadaxrd.com\/wp-content\/uploads\/2023\/06\/logo.png","width":1065,"height":230,"caption":"Gadax"},"image":{"@id":"https:\/\/gadaxrd.com\/#\/schema\/logo\/image\/"},"sameAs":["https:\/\/www.facebook.com\/profile.php?id=100089302779961"]}]}},"_links":{"self":[{"href":"https:\/\/gadaxrd.com\/en\/wp-json\/wp\/v2\/pages\/2090","targetHints":{"allow":["GET"]}}],"collection":[{"href":"https:\/\/gadaxrd.com\/en\/wp-json\/wp\/v2\/pages"}],"about":[{"href":"https:\/\/gadaxrd.com\/en\/wp-json\/wp\/v2\/types\/page"}],"author":[{"embeddable":true,"href":"https:\/\/gadaxrd.com\/en\/wp-json\/wp\/v2\/users\/1"}],"replies":[{"embeddable":true,"href":"https:\/\/gadaxrd.com\/en\/wp-json\/wp\/v2\/comments?post=2090"}],"version-history":[{"count":16,"href":"https:\/\/gadaxrd.com\/en\/wp-json\/wp\/v2\/pages\/2090\/revisions"}],"predecessor-version":[{"id":15085,"href":"https:\/\/gadaxrd.com\/en\/wp-json\/wp\/v2\/pages\/2090\/revisions\/15085"}],"wp:attachment":[{"href":"https:\/\/gadaxrd.com\/en\/wp-json\/wp\/v2\/media?parent=2090"}],"curies":[{"name":"wp","href":"https:\/\/api.w.org\/{rel}","templated":true}]}}